{"id":195,"date":"2019-10-02T09:01:25","date_gmt":"2019-10-02T07:01:25","guid":{"rendered":"http:\/\/localhost\/solid\/?page_id=195"},"modified":"2022-09-11T22:18:45","modified_gmt":"2022-09-11T20:18:45","slug":"about","status":"publish","type":"page","link":"http:\/\/www.solid.institute\/wp\/about\/","title":{"rendered":"About"},"content":{"rendered":"\n<p style=\"font-size:14px\">SOLID was founded in  2016.<br><br><br><strong>Exhibitions <\/strong><br><br>2022    <br><em>If You Want to See What I See, Look Towards the Light<\/em>, <a href=\"https:\/\/cacaofabriek.nl\/expo\">De Cacaofabriek<\/a>, Helmond (NL)<br><br>2018    <br><em>The Sudden Happening of Summer<\/em>, <a rel=\"noreferrer noopener\" aria-label=\"Schleswig-Holsteinisches K\u00fcnstlerhaus Otte1 (\u00f6ffnet in neuem Tab)\" href=\"https:\/\/www.otte1.org\" target=\"_blank\">Schleswig-Holsteinisches K\u00fcnstlerhaus Otte1<\/a>, Eckernf\u00f6rde (DE)<br><br><em>In Thin Air,<\/em> <a rel=\"noreferrer noopener\" aria-label=\"Schimmel Projects \u2013 Art Centre Dresden (\u00f6ffnet in neuem Tab)\" href=\"http:\/\/www.schimmelprojects.com\" target=\"_blank\">Schimmel Projects \u2013 Art Centre Dresden<\/a> (DE)<br><br><em>A PLEASANT WALK<\/em>, <a rel=\"noreferrer noopener\" aria-label=\"Kaskadenkondensator \u2013 Projektraum f\u00fcr aktuelle Kunst und Performance (\u00f6ffnet in neuem Tab)\" href=\"http:\/\/www.kasko.ch\/2012\/\" target=\"_blank\">Kaskadenkondensator \u2013 Projektraum f\u00fcr aktuelle Kunst und Performance<\/a>, Basel (CH)<br><br><br><strong>Grants<\/strong><br><br>2020<br>Travel allowance for work abroad \u2013 <a href=\"https:\/\/www.berlin.de\/sen\/kultur\/\">Senate Department for Culture and Europe<\/a>, Berlin (DE)<\/p>\n\n\n\n<p style=\"font-size:14px\">2019    <br>Artist in Residence \u2013 <a rel=\"noreferrer noopener\" aria-label=\"K\u00fcnstlerh\u00e4user Worpswede (\u00f6ffnet in neuem Tab)\" href=\"https:\/\/www.kh-worpswede.de\/de\/\" target=\"_blank\">K\u00fcnstlerh\u00e4user Worpswede<\/a> (DE)<br><br>2018    <br>Artist in Residence and Funding \u2013 <a rel=\"noreferrer noopener\" aria-label=\"Schleswig-Holsteinisches K\u00fcnstlerhaus Otte1 (\u00f6ffnet in neuem Tab)\" href=\"https:\/\/www.otte1.org\" target=\"_blank\">Schleswig-Holsteinisches K\u00fcnstlerhaus Otte1<\/a>, Eckernf\u00f6rde (DE)<br><br>Funding \u2013 <a rel=\"noreferrer noopener\" aria-label=\"Amt f\u00fcr Kultur und Denkmalschutz (\u00f6ffnet in neuem Tab)\" href=\"https:\/\/www.dresden.de\/de\/rathaus\/aemter-und-einrichtungen\/oe\/dborg\/stadt_dresden_6894.php\" target=\"_blank\">Amt f\u00fcr Kultur und Denkmalschutz<\/a>, Dresden (DE)<br><br>Funding \u2013 <a rel=\"noreferrer noopener\" aria-label=\"Jacqueline Spengler Stiftung (\u00f6ffnet in neuem Tab)\" href=\"https:\/\/www.cms-basel.ch\/de\/ds-cms\/von-der-ds-cms-verwaltete-stiftungen\/jacqueline-spengler-stiftung.html\" target=\"_blank\">Jacqueline Spengler Stiftung<\/a>, Basel (CH)<\/p>\n","protected":false},"excerpt":{"rendered":"<p>SOLID was founded in 2016. Exhibitions 2022 If You Want to See What I See, Look Towards the Light, De Cacaofabriek, Helmond (NL) 2018 The Sudden Happening of Summer, Schleswig-Holsteinisches K\u00fcnstlerhaus Otte1, Eckernf\u00f6rde (DE) In Thin Air, Schimmel Projects \u2013 Art Centre Dresden (DE) A PLEASANT WALK, Kaskadenkondensator \u2013 Projektraum f\u00fcr aktuelle Kunst und Performance, [&hellip;]<\/p>\n","protected":false},"author":1,"featured_media":0,"parent":0,"menu_order":0,"comment_status":"closed","ping_status":"closed","template":"","meta":{"footnotes":""},"class_list":["post-195","page","type-page","status-publish","hentry","missing-thumbnail"],"_links":{"self":[{"href":"http:\/\/www.solid.institute\/wp\/wp-json\/wp\/v2\/pages\/195","targetHints":{"allow":["GET"]}}],"collection":[{"href":"http:\/\/www.solid.institute\/wp\/wp-json\/wp\/v2\/pages"}],"about":[{"href":"http:\/\/www.solid.institute\/wp\/wp-json\/wp\/v2\/types\/page"}],"author":[{"embeddable":true,"href":"http:\/\/www.solid.institute\/wp\/wp-json\/wp\/v2\/users\/1"}],"replies":[{"embeddable":true,"href":"http:\/\/www.solid.institute\/wp\/wp-json\/wp\/v2\/comments?post=195"}],"version-history":[{"count":21,"href":"http:\/\/www.solid.institute\/wp\/wp-json\/wp\/v2\/pages\/195\/revisions"}],"predecessor-version":[{"id":355,"href":"http:\/\/www.solid.institute\/wp\/wp-json\/wp\/v2\/pages\/195\/revisions\/355"}],"wp:attachment":[{"href":"http:\/\/www.solid.institute\/wp\/wp-json\/wp\/v2\/media?parent=195"}],"curies":[{"name":"wp","href":"https:\/\/api.w.org\/{rel}","templated":true}]}}